{"id":8321,"date":"2025-01-25T13:11:26","date_gmt":"2025-01-25T11:11:26","guid":{"rendered":"https:\/\/triumphmoto.lt\/?page_id=8321"},"modified":"2026-04-22T23:30:11","modified_gmt":"2026-04-22T20:30:11","slug":"kontaktai","status":"publish","type":"page","link":"https:\/\/triumphmoto.lt\/en\/kontaktai\/","title":{"rendered":"ATSTOVYB\u0116S KONTAKTAI"},"content":{"rendered":"<div data-elementor-type=\"wp-page\" data-elementor-id=\"8321\" class=\"elementor elementor-8321\" data-elementor-post-type=\"page\">\n\t\t\t\t<div class=\"elementor-element elementor-element-376fd67 e-flex e-con-boxed e-con e-parent\" data-id=\"376fd67\" data-element_type=\"container\">\n\t\t\t\t\t<div class=\"e-con-inner\">\n\t\t\t\t\t<\/div>\n\t\t\t\t<\/div>\n\t\t<div class=\"elementor-element elementor-element-7da19fa e-con-full e-flex e-con e-parent\" data-id=\"7da19fa\" data-element_type=\"container\">\n\t\t\t\t<div class=\"elementor-element elementor-element-f1c88ed elementor-widget elementor-widget-heading\" data-id=\"f1c88ed\" data-element_type=\"widget\" data-widget_type=\"heading.default\">\n\t\t\t\t<div class=\"elementor-widget-container\">\n\t\t\t\t\t<h2 class=\"elementor-heading-title elementor-size-default\"><br>TRIUMPH MOTORCYCLES LIETUVA <\/h2>\t\t\t\t<\/div>\n\t\t\t\t<\/div>\n\t\t\t\t<\/div>\n\t\t<div class=\"elementor-element elementor-element-8bf8165 e-con-full e-flex e-con e-parent\" data-id=\"8bf8165\" data-element_type=\"container\">\n\t\t\t\t<div class=\"elementor-element elementor-element-03838e7 elementor-widget elementor-widget-image\" data-id=\"03838e7\" data-element_type=\"widget\" data-widget_type=\"image.default\">\n\t\t\t\t<div class=\"elementor-widget-container\">\n\t\t\t\t\t\t\t\t\t\t\t\t\t\t\t<img decoding=\"async\" width=\"155\" height=\"19\" src=\"https:\/\/triumphmoto.lt\/wp-content\/uploads\/2024\/03\/divider.png\" class=\"attachment-large size-large wp-image-7365\" alt=\"\" srcset=\"https:\/\/triumphmoto.lt\/wp-content\/uploads\/2024\/03\/divider-18x2.png 18w, https:\/\/triumphmoto.lt\/wp-content\/uploads\/2024\/03\/divider-150x19.png 150w, https:\/\/triumphmoto.lt\/wp-content\/uploads\/2024\/03\/divider.png 155w\" sizes=\"(max-width: 155px) 100vw, 155px\" \/>\t\t\t\t\t\t\t\t\t\t\t\t\t\t\t<\/div>\n\t\t\t\t<\/div>\n\t\t\t\t<\/div>\n\t\t<div class=\"elementor-element elementor-element-b47a564 e-con-full e-grid e-con e-parent\" data-id=\"b47a564\" data-element_type=\"container\">\n\t\t\t\t<div class=\"elementor-element elementor-element-7c6a828 elementor-widget elementor-widget-text-editor\" data-id=\"7c6a828\" data-element_type=\"widget\" data-widget_type=\"text-editor.default\">\n\t\t\t\t<div class=\"elementor-widget-container\">\n\t\t\t\t\t\t\t\t\t<p><strong>M\u016aS\u0172 ADRESAS IR DARBO LAIKAS:<\/strong><\/p><p>Manufakt\u016br\u0173 g. 16, 11342 Vilnius<\/p><p>Tel. +370 610 49155 (Servisas ir dalys)<br \/>Tel. +370 603 22205 (Motocikl\u0173 pardavimai)<br \/>Tel. +370 615 22233 (Apranga)<\/p><p>Bendri klausimai: info@triumphmoto.lt<br \/>Serviso klausimai: servisas@triumphmoto.lt<\/p><p><strong>ATSTOVYB\u0116S DARBO LAIKAS:<\/strong><\/p><p>I-V 10:00 &#8211; 18:00<br \/>VI 11:00 &#8211; 15:00<br \/>VII Nedirba<\/p><p><strong>SERVISO DARBO LAIKAS:<\/strong><\/p><p>I-V 10:00 &#8211; 18:00<br \/>VI &#8211; VII Nedirba<\/p><p><span style=\"font-size: 16px;\">* <a href=\"https:\/\/www.officeholidays.com\/countries\/lithuania\/2026\" target=\"_blank\" rel=\"noreferrer noopener\">Valstybini\u0173 \u0161ven\u010di\u0173 dienomis nedirbame<br \/><\/a><br \/><\/span><\/p>\t\t\t\t\t\t\t\t<\/div>\n\t\t\t\t<\/div>\n\t\t\t\t<div class=\"elementor-element elementor-element-8a9d2a3 elementor-absolute elementor-widget elementor-widget-image\" data-id=\"8a9d2a3\" data-element_type=\"widget\" data-settings=\"{&quot;_position&quot;:&quot;absolute&quot;}\" data-widget_type=\"image.default\">\n\t\t\t\t<div class=\"elementor-widget-container\">\n\t\t\t\t\t\t\t\t\t\t\t\t\t\t\t<img decoding=\"async\" width=\"167\" height=\"167\" src=\"https:\/\/triumphmoto.lt\/wp-content\/uploads\/2024\/03\/dots.webp\" class=\"attachment-large size-large wp-image-7378\" alt=\"\" srcset=\"https:\/\/triumphmoto.lt\/wp-content\/uploads\/2024\/03\/dots-12x12.webp 12w, https:\/\/triumphmoto.lt\/wp-content\/uploads\/2024\/03\/dots-66x66.webp 66w, https:\/\/triumphmoto.lt\/wp-content\/uploads\/2024\/03\/dots-150x150.webp 150w, https:\/\/triumphmoto.lt\/wp-content\/uploads\/2024\/03\/dots.webp 167w\" sizes=\"(max-width: 167px) 100vw, 167px\" \/>\t\t\t\t\t\t\t\t\t\t\t\t\t\t\t<\/div>\n\t\t\t\t<\/div>\n\t\t\t\t<div class=\"elementor-element elementor-element-81eac32 elementor-button-align-stretch elementor-widget elementor-widget-form\" data-id=\"81eac32\" data-element_type=\"widget\" data-settings=\"{&quot;step_next_label&quot;:&quot;Next&quot;,&quot;step_previous_label&quot;:&quot;Previous&quot;,&quot;button_width&quot;:&quot;100&quot;,&quot;step_type&quot;:&quot;number_text&quot;,&quot;step_icon_shape&quot;:&quot;circle&quot;}\" data-widget_type=\"form.default\">\n\t\t\t\t<div class=\"elementor-widget-container\">\n\t\t\t\t\t\t\t<form class=\"elementor-form\" method=\"post\" name=\"Kontaktin\u0117 forma\" action=\"\">\n\t\t\t<input type=\"hidden\" name=\"post_id\" value=\"8321\"\/>\n\t\t\t<input type=\"hidden\" name=\"form_id\" value=\"81eac32\"\/>\n\t\t\t<input type=\"hidden\" name=\"referer_title\" value=\"\" \/>\n\n\t\t\t\n\t\t\t<div class=\"elementor-form-fields-wrapper elementor-labels-above\">\n\t\t\t\t\t\t\t\t<div class=\"elementor-field-type-text elementor-field-group elementor-column elementor-field-group-name elementor-col-100 elementor-field-required elementor-mark-required\">\n\t\t\t\t\t\t\t\t\t\t\t\t<label for=\"form-field-name\" class=\"elementor-field-label\">\n\t\t\t\t\t\t\t\tVardas\t\t\t\t\t\t\t<\/label>\n\t\t\t\t\t\t\t\t\t\t\t\t\t\t<input size=\"1\" type=\"text\" name=\"form_fields[name]\" id=\"form-field-name\" class=\"elementor-field elementor-size-sm  elementor-field-textual\" placeholder=\"Vardas\" required=\"required\" aria-required=\"true\">\n\t\t\t\t\t\t\t\t\t\t\t<\/div>\n\t\t\t\t\t\t\t\t<div class=\"elementor-field-type-email elementor-field-group elementor-column elementor-field-group-email elementor-col-100 elementor-field-required elementor-mark-required\">\n\t\t\t\t\t\t\t\t\t\t\t\t<label for=\"form-field-email\" class=\"elementor-field-label\">\n\t\t\t\t\t\t\t\tEl. pa\u0161to adresas\t\t\t\t\t\t\t<\/label>\n\t\t\t\t\t\t\t\t\t\t\t\t\t\t<input size=\"1\" type=\"email\" name=\"form_fields[email]\" id=\"form-field-email\" class=\"elementor-field elementor-size-sm  elementor-field-textual\" placeholder=\"El. pa\u0161to adresas\" required=\"required\" aria-required=\"true\">\n\t\t\t\t\t\t\t\t\t\t\t<\/div>\n\t\t\t\t\t\t\t\t<div class=\"elementor-field-type-number elementor-field-group elementor-column elementor-field-group-field_7bae3c7 elementor-col-100\">\n\t\t\t\t\t\t\t\t\t\t\t\t<label for=\"form-field-field_7bae3c7\" class=\"elementor-field-label\">\n\t\t\t\t\t\t\t\tTelefono numeris\t\t\t\t\t\t\t<\/label>\n\t\t\t\t\t\t\t\t\t<input type=\"number\" name=\"form_fields[field_7bae3c7]\" id=\"form-field-field_7bae3c7\" class=\"elementor-field elementor-size-sm  elementor-field-textual\" placeholder=\"Pvz.: +370 600 00 000\" min=\"\" max=\"\" >\n\t\t\t\t\t\t<\/div>\n\t\t\t\t\t\t\t\t<div class=\"elementor-field-type-textarea elementor-field-group elementor-column elementor-field-group-message elementor-col-100 elementor-field-required elementor-mark-required\">\n\t\t\t\t\t\t\t\t\t\t\t\t<label for=\"form-field-message\" class=\"elementor-field-label\">\n\t\t\t\t\t\t\t\tJ\u016bs\u0173 \u017einut\u0117\t\t\t\t\t\t\t<\/label>\n\t\t\t\t\t\t<textarea class=\"elementor-field-textual elementor-field  elementor-size-sm\" name=\"form_fields[message]\" id=\"form-field-message\" rows=\"4\" placeholder=\"J\u016bs\u0173 tekstas\" required=\"required\" aria-required=\"true\"><\/textarea>\t\t\t\t<\/div>\n\t\t\t\t\t\t\t\t<div class=\"elementor-field-group elementor-column elementor-field-type-submit elementor-col-100 e-form__buttons\">\n\t\t\t\t\t<button type=\"submit\" class=\"elementor-button elementor-size-sm\">\n\t\t\t\t\t\t<span >\n\t\t\t\t\t\t\t\t\t\t\t\t\t\t\t<span class=\"elementor-button-icon\">\n\t\t\t\t\t\t\t\t\t\t\t\t\t\t\t\t\t\t\t\t\t\t\t\t\t\t<\/span>\n\t\t\t\t\t\t\t\t\t\t\t\t\t\t\t\t\t\t\t\t\t\t<span class=\"elementor-button-text\">Si\u0173sti<\/span>\n\t\t\t\t\t\t\t\t\t\t\t\t\t<\/span>\n\t\t\t\t\t<\/button>\n\t\t\t\t<\/div>\n\t\t\t<\/div>\n\t\t<input type=\"hidden\" name=\"trp-form-language\" value=\"en\"\/><\/form>\n\t\t\t\t\t\t<\/div>\n\t\t\t\t<\/div>\n\t\t\t\t<\/div>\n\t\t<div class=\"elementor-element elementor-element-6fa4da2 e-flex e-con-boxed e-con e-parent\" data-id=\"6fa4da2\" data-element_type=\"container\">\n\t\t\t\t\t<div class=\"e-con-inner\">\n\t\t\t\t<div class=\"elementor-element elementor-element-cedc5da elementor-widget elementor-widget-google_maps\" data-id=\"cedc5da\" data-element_type=\"widget\" data-widget_type=\"google_maps.default\">\n\t\t\t\t<div class=\"elementor-widget-container\">\n\t\t\t\t\t\t\t<div class=\"elementor-custom-embed\">\n\t\t\t<iframe loading=\"lazy\"\n\t\t\t\t\tsrc=\"https:\/\/maps.google.com\/maps?q=Triumph%20motorcycles%20lietuva&#038;t=m&#038;z=14&#038;output=embed&#038;iwloc=near\"\n\t\t\t\t\ttitle=\"Triumph motorcycles lietuva\"\n\t\t\t\t\taria-label=\"Triumph motorcycles lietuva\"\n\t\t\t><\/iframe>\n\t\t<\/div>\n\t\t\t\t\t\t<\/div>\n\t\t\t\t<\/div>\n\t\t\t\t\t<\/div>\n\t\t\t\t<\/div>\n\t\t\t\t<\/div>","protected":false},"excerpt":{"rendered":"<p>TRIUMPH MOTORCYCLES LIETUVA M\u016aS\u0172 ADRESAS IR DARBO LAIKAS: Manufakt\u016br\u0173 g.  [&#8230;]<\/p>","protected":false},"author":3,"featured_media":0,"parent":0,"menu_order":0,"comment_status":"closed","ping_status":"closed","template":"","meta":{"_acf_changed":false,"footnotes":""},"class_list":["post-8321","page","type-page","status-publish","hentry"],"acf":[],"_links":{"self":[{"href":"https:\/\/triumphmoto.lt\/en\/wp-json\/wp\/v2\/pages\/8321","targetHints":{"allow":["GET"]}}],"collection":[{"href":"https:\/\/triumphmoto.lt\/en\/wp-json\/wp\/v2\/pages"}],"about":[{"href":"https:\/\/triumphmoto.lt\/en\/wp-json\/wp\/v2\/types\/page"}],"author":[{"embeddable":true,"href":"https:\/\/triumphmoto.lt\/en\/wp-json\/wp\/v2\/users\/3"}],"replies":[{"embeddable":true,"href":"https:\/\/triumphmoto.lt\/en\/wp-json\/wp\/v2\/comments?post=8321"}],"version-history":[{"count":107,"href":"https:\/\/triumphmoto.lt\/en\/wp-json\/wp\/v2\/pages\/8321\/revisions"}],"predecessor-version":[{"id":10227,"href":"https:\/\/triumphmoto.lt\/en\/wp-json\/wp\/v2\/pages\/8321\/revisions\/10227"}],"wp:attachment":[{"href":"https:\/\/triumphmoto.lt\/en\/wp-json\/wp\/v2\/media?parent=8321"}],"curies":[{"name":"wp","href":"https:\/\/api.w.org\/{rel}","templated":true}]}}