{"id":6263,"date":"2022-12-21T16:07:31","date_gmt":"2022-12-21T14:07:31","guid":{"rendered":"https:\/\/triumphmoto.lt\/?page_id=6263"},"modified":"2022-12-21T16:33:21","modified_gmt":"2022-12-21T14:33:21","slug":"apranga-ispardavimas","status":"publish","type":"page","link":"https:\/\/triumphmoto.lt\/en\/apranga-ispardavimas\/","title":{"rendered":"APRANGOS I\u0160PARDAVIMAS"},"content":{"rendered":"<div data-elementor-type=\"wp-page\" data-elementor-id=\"6263\" class=\"elementor elementor-6263\" data-elementor-post-type=\"page\">\n\t\t\t\t\t\t<section class=\"elementor-section elementor-top-section elementor-element elementor-element-7186a78b elementor-section-boxed elementor-section-height-default elementor-section-height-default\" data-id=\"7186a78b\" data-element_type=\"section\">\n\t\t\t\t\t\t<div class=\"elementor-container elementor-column-gap-default\">\n\t\t\t\t\t<div class=\"elementor-column elementor-col-100 elementor-top-column elementor-element elementor-element-7985ff08\" data-id=\"7985ff08\" data-element_type=\"column\">\n\t\t\t<div class=\"elementor-widget-wrap elementor-element-populated\">\n\t\t\t\t\t\t\t<\/div>\n\t\t<\/div>\n\t\t\t\t\t<\/div>\n\t\t<\/section>\n\t\t\t\t<section class=\"elementor-section elementor-top-section elementor-element elementor-element-475609fd elementor-section-boxed elementor-section-height-default elementor-section-height-default\" data-id=\"475609fd\" data-element_type=\"section\">\n\t\t\t\t\t\t<div class=\"elementor-container elementor-column-gap-default\">\n\t\t\t\t\t<div class=\"elementor-column elementor-col-100 elementor-top-column elementor-element elementor-element-6451ea8\" data-id=\"6451ea8\" data-element_type=\"column\">\n\t\t\t<div class=\"elementor-widget-wrap elementor-element-populated\">\n\t\t\t\t\t\t<section class=\"elementor-section elementor-inner-section elementor-element elementor-element-7165ca51 elementor-section-full_width elementor-section-height-default elementor-section-height-default\" data-id=\"7165ca51\" data-element_type=\"section\">\n\t\t\t\t\t\t<div class=\"elementor-container elementor-column-gap-default\">\n\t\t\t\t\t<div class=\"elementor-column elementor-col-50 elementor-inner-column elementor-element elementor-element-4eec27b2\" data-id=\"4eec27b2\" data-element_type=\"column\">\n\t\t\t<div class=\"elementor-widget-wrap elementor-element-populated\">\n\t\t\t\t\t\t<div class=\"elementor-element elementor-element-12f87fdc elementor-invisible elementor-widget elementor-widget-elementskit-heading\" data-id=\"12f87fdc\" data-element_type=\"widget\" data-settings=\"{&quot;_animation&quot;:&quot;fadeInUp&quot;}\" data-widget_type=\"elementskit-heading.default\">\n\t\t\t\t<div class=\"elementor-widget-container\">\n\t\t\t\t\t<div class=\"ekit-wid-con\" ><div class=\"ekit-heading elementskit-section-title-wraper text_left   ekit_heading_tablet-   ekit_heading_mobile-\"><h2 class=\"ekit-heading--title elementskit-section-title  ekit-heading__title-has-border start\">TRIUMPH CRANER - VA\u017dIAVIMUI SKIRTI D\u017dINSAI (-50%)<\/h2><\/div><\/div>\t\t\t\t<\/div>\n\t\t\t\t<\/div>\n\t\t\t\t<div class=\"elementor-element elementor-element-19ad5a45 elementor-invisible elementor-widget elementor-widget-text-editor\" data-id=\"19ad5a45\" data-element_type=\"widget\" data-settings=\"{&quot;_animation&quot;:&quot;fadeInUp&quot;}\" data-widget_type=\"text-editor.default\">\n\t\t\t\t<div class=\"elementor-widget-container\">\n\t\t\t\t\t\t\t\t\t<p>Klasikiniai, tamsiai m\u0117lynos spalvos, 5 ki\u0161eni\u0173 \u012fprasti siaur\u0117jantys d\u017einsai skirti va\u017eiavimui.<\/p>\n<p>Pagaminti i\u0161 vieno sluoksnio, kur\u012f sudaro d\u017einsinis audinys ir apsauginis sluoksnis bei D3O keli\u0173 apsauga.<\/p>\n<p><span style=\"font-weight: bold; color: red;\">NAUJA KAINA: 135 EUR<\/span><\/p>\n<p><s style=\"background-color: var(--content_bg_color); font-style: var(--body_typography-font-style,normal); letter-spacing: var(--body_typography-letter-spacing);\">SENA KAINA: 269 EUR<\/s><\/p>\n<div>\n<div>&nbsp;<\/div>\n<\/div>\t\t\t\t\t\t\t\t<\/div>\n\t\t\t\t<\/div>\n\t\t\t\t<div class=\"elementor-element elementor-element-6d4cdbad elementor-absolute elementor-hidden-phone elementor-widget elementor-widget-image\" data-id=\"6d4cdbad\" data-element_type=\"widget\" data-settings=\"{&quot;_position&quot;:&quot;absolute&quot;}\" data-widget_type=\"image.default\">\n\t\t\t\t<div class=\"elementor-widget-container\">\n\t\t\t\t\t\t\t\t\t\t\t\t\t\t\t<img decoding=\"async\" width=\"1536\" height=\"1536\" src=\"https:\/\/triumphmoto.lt\/wp-content\/uploads\/2021\/11\/mdjs21107_gallery_ss21_1-1536x1536.jpg\" class=\"attachment-1536x1536 size-1536x1536 wp-image-3638\" alt=\"\" srcset=\"https:\/\/triumphmoto.lt\/wp-content\/uploads\/2021\/11\/mdjs21107_gallery_ss21_1-12x12.jpg 12w, https:\/\/triumphmoto.lt\/wp-content\/uploads\/2021\/11\/mdjs21107_gallery_ss21_1-66x66.jpg 66w, https:\/\/triumphmoto.lt\/wp-content\/uploads\/2021\/11\/mdjs21107_gallery_ss21_1-150x150.jpg 150w, https:\/\/triumphmoto.lt\/wp-content\/uploads\/2021\/11\/mdjs21107_gallery_ss21_1-scaled-170x170.jpg 170w, https:\/\/triumphmoto.lt\/wp-content\/uploads\/2021\/11\/mdjs21107_gallery_ss21_1-200x200.jpg 200w, https:\/\/triumphmoto.lt\/wp-content\/uploads\/2021\/11\/mdjs21107_gallery_ss21_1-300x300.jpg 300w, https:\/\/triumphmoto.lt\/wp-content\/uploads\/2021\/11\/mdjs21107_gallery_ss21_1-400x400.jpg 400w, https:\/\/triumphmoto.lt\/wp-content\/uploads\/2021\/11\/mdjs21107_gallery_ss21_1-500x500.jpg 500w, https:\/\/triumphmoto.lt\/wp-content\/uploads\/2021\/11\/mdjs21107_gallery_ss21_1-600x600.jpg 600w, https:\/\/triumphmoto.lt\/wp-content\/uploads\/2021\/11\/mdjs21107_gallery_ss21_1-700x700.jpg 700w, https:\/\/triumphmoto.lt\/wp-content\/uploads\/2021\/11\/mdjs21107_gallery_ss21_1-768x768.jpg 768w, https:\/\/triumphmoto.lt\/wp-content\/uploads\/2021\/11\/mdjs21107_gallery_ss21_1-800x800.jpg 800w, https:\/\/triumphmoto.lt\/wp-content\/uploads\/2021\/11\/mdjs21107_gallery_ss21_1-1024x1024.jpg 1024w, https:\/\/triumphmoto.lt\/wp-content\/uploads\/2021\/11\/mdjs21107_gallery_ss21_1-1200x1200.jpg 1200w, https:\/\/triumphmoto.lt\/wp-content\/uploads\/2021\/11\/mdjs21107_gallery_ss21_1-1536x1536.jpg 1536w\" sizes=\"(max-width: 1536px) 100vw, 1536px\" \/>\t\t\t\t\t\t\t\t\t\t\t\t\t\t\t<\/div>\n\t\t\t\t<\/div>\n\t\t\t\t\t<\/div>\n\t\t<\/div>\n\t\t\t\t<div class=\"elementor-column elementor-col-50 elementor-inner-column elementor-element elementor-element-462adff1\" data-id=\"462adff1\" data-element_type=\"column\">\n\t\t\t<div class=\"elementor-widget-wrap elementor-element-populated\">\n\t\t\t\t\t\t<div class=\"elementor-element elementor-element-27d19c33 elementor-hidden-tablet elementor-hidden-mobile elementor-widget elementor-widget-image\" data-id=\"27d19c33\" data-element_type=\"widget\" data-widget_type=\"image.default\">\n\t\t\t\t<div class=\"elementor-widget-container\">\n\t\t\t\t\t\t\t\t\t\t\t\t\t\t\t<img decoding=\"async\" width=\"1024\" height=\"1024\" src=\"https:\/\/triumphmoto.lt\/wp-content\/uploads\/2021\/11\/mdjs21107_gallery_ss21_2-1024x1024.jpg\" class=\"attachment-large size-large wp-image-3630\" alt=\"\" srcset=\"https:\/\/triumphmoto.lt\/wp-content\/uploads\/2021\/11\/mdjs21107_gallery_ss21_2-12x12.jpg 12w, https:\/\/triumphmoto.lt\/wp-content\/uploads\/2021\/11\/mdjs21107_gallery_ss21_2-66x66.jpg 66w, https:\/\/triumphmoto.lt\/wp-content\/uploads\/2021\/11\/mdjs21107_gallery_ss21_2-150x150.jpg 150w, https:\/\/triumphmoto.lt\/wp-content\/uploads\/2021\/11\/mdjs21107_gallery_ss21_2-scaled-170x170.jpg 170w, https:\/\/triumphmoto.lt\/wp-content\/uploads\/2021\/11\/mdjs21107_gallery_ss21_2-200x200.jpg 200w, https:\/\/triumphmoto.lt\/wp-content\/uploads\/2021\/11\/mdjs21107_gallery_ss21_2-300x300.jpg 300w, https:\/\/triumphmoto.lt\/wp-content\/uploads\/2021\/11\/mdjs21107_gallery_ss21_2-400x400.jpg 400w, https:\/\/triumphmoto.lt\/wp-content\/uploads\/2021\/11\/mdjs21107_gallery_ss21_2-500x500.jpg 500w, https:\/\/triumphmoto.lt\/wp-content\/uploads\/2021\/11\/mdjs21107_gallery_ss21_2-600x600.jpg 600w, https:\/\/triumphmoto.lt\/wp-content\/uploads\/2021\/11\/mdjs21107_gallery_ss21_2-700x700.jpg 700w, https:\/\/triumphmoto.lt\/wp-content\/uploads\/2021\/11\/mdjs21107_gallery_ss21_2-768x768.jpg 768w, https:\/\/triumphmoto.lt\/wp-content\/uploads\/2021\/11\/mdjs21107_gallery_ss21_2-800x800.jpg 800w, https:\/\/triumphmoto.lt\/wp-content\/uploads\/2021\/11\/mdjs21107_gallery_ss21_2-1024x1024.jpg 1024w, https:\/\/triumphmoto.lt\/wp-content\/uploads\/2021\/11\/mdjs21107_gallery_ss21_2-1200x1200.jpg 1200w, https:\/\/triumphmoto.lt\/wp-content\/uploads\/2021\/11\/mdjs21107_gallery_ss21_2-1536x1536.jpg 1536w\" sizes=\"(max-width: 1024px) 100vw, 1024px\" \/>\t\t\t\t\t\t\t\t\t\t\t\t\t\t\t<\/div>\n\t\t\t\t<\/div>\n\t\t\t\t<div class=\"elementor-element elementor-element-7989faec elementor-widget__width-initial elementor-absolute elementor-hidden-phone elementor-widget elementor-widget-image\" data-id=\"7989faec\" data-element_type=\"widget\" data-settings=\"{&quot;_position&quot;:&quot;absolute&quot;}\" data-widget_type=\"image.default\">\n\t\t\t\t<div class=\"elementor-widget-container\">\n\t\t\t\t\t\t\t\t\t\t\t\t\t\t\t<img decoding=\"async\" width=\"167\" height=\"167\" src=\"https:\/\/triumphmoto.lt\/wp-content\/uploads\/2022\/10\/dots.png\" class=\"attachment-large size-large wp-image-5113\" alt=\"\" srcset=\"https:\/\/triumphmoto.lt\/wp-content\/uploads\/2022\/10\/dots-12x12.png 12w, https:\/\/triumphmoto.lt\/wp-content\/uploads\/2022\/10\/dots-66x66.png 66w, https:\/\/triumphmoto.lt\/wp-content\/uploads\/2022\/10\/dots-150x150.png 150w, https:\/\/triumphmoto.lt\/wp-content\/uploads\/2022\/10\/dots.png 167w\" sizes=\"(max-width: 167px) 100vw, 167px\" \/>\t\t\t\t\t\t\t\t\t\t\t\t\t\t\t<\/div>\n\t\t\t\t<\/div>\n\t\t\t\t\t<\/div>\n\t\t<\/div>\n\t\t\t\t\t<\/div>\n\t\t<\/section>\n\t\t\t\t\t<\/div>\n\t\t<\/div>\n\t\t\t\t\t<\/div>\n\t\t<\/section>\n\t\t\t\t<\/div>","protected":false},"excerpt":{"rendered":"<p>TRIUMPH CRANER &#8211; VA\u017dIAVIMUI SKIRTI D\u017dINSAI (-50%) Klasikiniai, tamsiai m\u0117lynos  [&#8230;]<\/p>","protected":false},"author":3,"featured_media":0,"parent":0,"menu_order":0,"comment_status":"closed","ping_status":"closed","template":"","meta":{"_acf_changed":false,"footnotes":""},"class_list":["post-6263","page","type-page","status-publish","hentry"],"acf":[],"_links":{"self":[{"href":"https:\/\/triumphmoto.lt\/en\/wp-json\/wp\/v2\/pages\/6263","targetHints":{"allow":["GET"]}}],"collection":[{"href":"https:\/\/triumphmoto.lt\/en\/wp-json\/wp\/v2\/pages"}],"about":[{"href":"https:\/\/triumphmoto.lt\/en\/wp-json\/wp\/v2\/types\/page"}],"author":[{"embeddable":true,"href":"https:\/\/triumphmoto.lt\/en\/wp-json\/wp\/v2\/users\/3"}],"replies":[{"embeddable":true,"href":"https:\/\/triumphmoto.lt\/en\/wp-json\/wp\/v2\/comments?post=6263"}],"version-history":[{"count":24,"href":"https:\/\/triumphmoto.lt\/en\/wp-json\/wp\/v2\/pages\/6263\/revisions"}],"predecessor-version":[{"id":6299,"href":"https:\/\/triumphmoto.lt\/en\/wp-json\/wp\/v2\/pages\/6263\/revisions\/6299"}],"wp:attachment":[{"href":"https:\/\/triumphmoto.lt\/en\/wp-json\/wp\/v2\/media?parent=6263"}],"curies":[{"name":"wp","href":"https:\/\/api.w.org\/{rel}","templated":true}]}}