{"id":5624,"date":"2022-10-20T13:03:57","date_gmt":"2022-10-20T10:03:57","guid":{"rendered":"https:\/\/triumphmoto.lt\/?page_id=5624"},"modified":"2025-03-26T16:17:24","modified_gmt":"2025-03-26T14:17:24","slug":"dalys","status":"publish","type":"page","link":"https:\/\/triumphmoto.lt\/en\/dalys\/","title":{"rendered":"DETAL\u0116S U\u017dKLAUSA"},"content":{"rendered":"<div data-elementor-type=\"wp-page\" data-elementor-id=\"5624\" class=\"elementor elementor-5624\" data-elementor-post-type=\"page\">\n\t\t\t\t\t\t<section class=\"elementor-section elementor-top-section elementor-element elementor-element-11e5aa80 elementor-section-stretched elementor-section-boxed elementor-section-height-default elementor-section-height-default\" data-id=\"11e5aa80\" data-element_type=\"section\" data-settings=\"{&quot;stretch_section&quot;:&quot;section-stretched&quot;,&quot;background_background&quot;:&quot;classic&quot;,&quot;shape_divider_top&quot;:&quot;tilt&quot;}\">\n\t\t\t\t\t<div class=\"elementor-shape elementor-shape-top\" data-negative=\"false\">\n\t\t\t<svg xmlns=\"http:\/\/www.w3.org\/2000\/svg\" viewbox=\"0 0 1000 100\" preserveaspectratio=\"none\">\n\t<path class=\"elementor-shape-fill\" d=\"M0,6V0h1000v100L0,6z\"\/>\n<\/svg>\t\t<\/div>\n\t\t\t\t\t<div class=\"elementor-container elementor-column-gap-default\">\n\t\t\t\t\t<div class=\"elementor-column elementor-col-50 elementor-top-column elementor-element elementor-element-455962e5\" data-id=\"455962e5\" data-element_type=\"column\">\n\t\t\t<div class=\"elementor-widget-wrap elementor-element-populated\">\n\t\t\t\t\t\t<div class=\"elementor-element elementor-element-8e3c526 elementor-widget elementor-widget-heading\" data-id=\"8e3c526\" data-element_type=\"widget\" data-widget_type=\"heading.default\">\n\t\t\t\t<div class=\"elementor-widget-container\">\n\t\t\t\t\t<h2 class=\"elementor-heading-title elementor-size-default\">DALI\u0172 U\u017dSAKYMO PATEIKIMAS<\/h2>\t\t\t\t<\/div>\n\t\t\t\t<\/div>\n\t\t\t\t<div class=\"elementor-element elementor-element-320beb3 elementor-widget elementor-widget-image\" data-id=\"320beb3\" data-element_type=\"widget\" data-widget_type=\"image.default\">\n\t\t\t\t<div class=\"elementor-widget-container\">\n\t\t\t\t\t\t\t\t\t\t\t\t\t\t\t<img decoding=\"async\" width=\"155\" height=\"19\" src=\"https:\/\/triumphmoto.lt\/wp-content\/uploads\/2024\/03\/divider.png\" class=\"attachment-large size-large wp-image-7365\" alt=\"\" srcset=\"https:\/\/triumphmoto.lt\/wp-content\/uploads\/2024\/03\/divider-18x2.png 18w, https:\/\/triumphmoto.lt\/wp-content\/uploads\/2024\/03\/divider-150x19.png 150w, https:\/\/triumphmoto.lt\/wp-content\/uploads\/2024\/03\/divider.png 155w\" sizes=\"(max-width: 155px) 100vw, 155px\" \/>\t\t\t\t\t\t\t\t\t\t\t\t\t\t\t<\/div>\n\t\t\t\t<\/div>\n\t\t\t\t<div class=\"elementor-element elementor-element-aaf8cb6 elementor-widget elementor-widget-text-editor\" data-id=\"aaf8cb6\" data-element_type=\"widget\" data-widget_type=\"text-editor.default\">\n\t\t\t\t<div class=\"elementor-widget-container\">\n\t\t\t\t\t\t\t\t\t<p>Norint \u201eTriumph Vilnius\u201c pateikti u\u017esakym\u0105 detal\u0117ms, u\u017epildykite \u017eemiau pra\u0161omus duomenis.<\/p><p>Norime akcentuoti, jog kai kuri\u0173 dali\u0173 gavimas gali trukti nuo 1-4 savai\u010di\u0173. Apie tai informuos J\u016bs\u0173 u\u017esakym\u0105 pri\u0117m\u0119s vadybininkas.<\/p>\t\t\t\t\t\t\t\t<\/div>\n\t\t\t\t<\/div>\n\t\t<div class=\"elementor-element elementor-element-52cb67c e-flex e-con-boxed e-con e-parent\" data-id=\"52cb67c\" data-element_type=\"container\">\n\t\t\t\t\t<div class=\"e-con-inner\">\n\t\t<div class=\"elementor-element elementor-element-76ff204 e-con-full e-flex e-con e-child\" data-id=\"76ff204\" data-element_type=\"container\">\n\t\t\t\t<div class=\"elementor-element elementor-element-20f0cd9 elementor-button-align-stretch elementor-widget elementor-widget-form\" data-id=\"20f0cd9\" data-element_type=\"widget\" data-settings=\"{&quot;step_next_label&quot;:&quot;Next&quot;,&quot;step_previous_label&quot;:&quot;Previous&quot;,&quot;button_width&quot;:&quot;100&quot;,&quot;step_type&quot;:&quot;number_text&quot;,&quot;step_icon_shape&quot;:&quot;circle&quot;}\" data-widget_type=\"form.default\">\n\t\t\t\t<div class=\"elementor-widget-container\">\n\t\t\t\t\t\t\t<form class=\"elementor-form\" method=\"post\" name=\"Dali\u0173 u\u017eklausa\" action=\"\">\n\t\t\t<input type=\"hidden\" name=\"post_id\" value=\"5624\"\/>\n\t\t\t<input type=\"hidden\" name=\"form_id\" value=\"20f0cd9\"\/>\n\t\t\t<input type=\"hidden\" name=\"referer_title\" value=\"\" \/>\n\n\t\t\t\n\t\t\t<div class=\"elementor-form-fields-wrapper elementor-labels-above\">\n\t\t\t\t\t\t\t\t<div class=\"elementor-field-type-text elementor-field-group elementor-column elementor-field-group-name elementor-col-100 elementor-field-required elementor-mark-required\">\n\t\t\t\t\t\t\t\t\t\t\t\t<label for=\"form-field-name\" class=\"elementor-field-label\">\n\t\t\t\t\t\t\t\tVardas\t\t\t\t\t\t\t<\/label>\n\t\t\t\t\t\t\t\t\t\t\t\t\t\t<input size=\"1\" type=\"text\" name=\"form_fields[name]\" id=\"form-field-name\" class=\"elementor-field elementor-size-sm  elementor-field-textual\" placeholder=\"\u012eveskite\" required=\"required\" aria-required=\"true\">\n\t\t\t\t\t\t\t\t\t\t\t<\/div>\n\t\t\t\t\t\t\t\t<div class=\"elementor-field-type-text elementor-field-group elementor-column elementor-field-group-field_6aa4cd7 elementor-col-100 elementor-field-required elementor-mark-required\">\n\t\t\t\t\t\t\t\t\t\t\t\t<label for=\"form-field-field_6aa4cd7\" class=\"elementor-field-label\">\n\t\t\t\t\t\t\t\tPavard\u0117\t\t\t\t\t\t\t<\/label>\n\t\t\t\t\t\t\t\t\t\t\t\t\t\t<input size=\"1\" type=\"text\" name=\"form_fields[field_6aa4cd7]\" id=\"form-field-field_6aa4cd7\" class=\"elementor-field elementor-size-sm  elementor-field-textual\" placeholder=\"\u012eveskite\" required=\"required\" aria-required=\"true\">\n\t\t\t\t\t\t\t\t\t\t\t<\/div>\n\t\t\t\t\t\t\t\t<div class=\"elementor-field-type-email elementor-field-group elementor-column elementor-field-group-email elementor-col-100 elementor-field-required elementor-mark-required\">\n\t\t\t\t\t\t\t\t\t\t\t\t<label for=\"form-field-email\" class=\"elementor-field-label\">\n\t\t\t\t\t\t\t\tEl. pa\u0161to adresas\t\t\t\t\t\t\t<\/label>\n\t\t\t\t\t\t\t\t\t\t\t\t\t\t<input size=\"1\" type=\"email\" name=\"form_fields[email]\" id=\"form-field-email\" class=\"elementor-field elementor-size-sm  elementor-field-textual\" placeholder=\"\u012eveskite\" required=\"required\" aria-required=\"true\">\n\t\t\t\t\t\t\t\t\t\t\t<\/div>\n\t\t\t\t\t\t\t\t<div class=\"elementor-field-type-number elementor-field-group elementor-column elementor-field-group-message elementor-col-100 elementor-field-required elementor-mark-required\">\n\t\t\t\t\t\t\t\t\t\t\t\t<label for=\"form-field-message\" class=\"elementor-field-label\">\n\t\t\t\t\t\t\t\tTelefono numeris\t\t\t\t\t\t\t<\/label>\n\t\t\t\t\t\t\t\t\t<input type=\"number\" name=\"form_fields[message]\" id=\"form-field-message\" class=\"elementor-field elementor-size-sm  elementor-field-textual\" placeholder=\"\u012eveskite\" required=\"required\" aria-required=\"true\" min=\"\" max=\"\" >\n\t\t\t\t\t\t<\/div>\n\t\t\t\t\t\t\t\t<div class=\"elementor-field-type-radio elementor-field-group elementor-column elementor-field-group- elementor-col-100 elementor-field-required elementor-mark-required\">\n\t\t\t\t\t\t\t\t\t\t\t\t<label for=\"form-field-\" class=\"elementor-field-label\">\n\t\t\t\t\t\t\t\tAr bus reikalingas dali\u0173 siuntimas? (Jei atsiimsite vietoje, adreso pildym\u0105 praleiskite)\t\t\t\t\t\t\t<\/label>\n\t\t\t\t\t\t<div class=\"elementor-field-subgroup  elementor-subgroup-inline\"><span class=\"elementor-field-option\"><input type=\"radio\" value=\"reikalingas\" id=\"form-field--0\" name=\"form_fields[]\" required=\"required\" aria-required=\"true\"> <label for=\"form-field--0\">Reikalingas<\/label><\/span><span class=\"elementor-field-option\"><input type=\"radio\" value=\"nereikalingas\" id=\"form-field--1\" name=\"form_fields[]\" required=\"required\" aria-required=\"true\"> <label for=\"form-field--1\">Nereikalingas<\/label><\/span><\/div>\t\t\t\t<\/div>\n\t\t\t\t\t\t\t\t<div class=\"elementor-field-type-text elementor-field-group elementor-column elementor-field-group- elementor-col-100\">\n\t\t\t\t\t\t\t\t\t\t\t\t<label for=\"form-field-\" class=\"elementor-field-label\">\n\t\t\t\t\t\t\t\tGatv\u0117s pavadinimas\t\t\t\t\t\t\t<\/label>\n\t\t\t\t\t\t\t\t\t\t\t\t\t\t<input size=\"1\" type=\"text\" name=\"form_fields[]\" id=\"form-field-\" class=\"elementor-field elementor-size-sm  elementor-field-textual\" placeholder=\"\u012eveskite\">\n\t\t\t\t\t\t\t\t\t\t\t<\/div>\n\t\t\t\t\t\t\t\t<div class=\"elementor-field-type-text elementor-field-group elementor-column elementor-field-group-field_626b8a8 elementor-col-100\">\n\t\t\t\t\t\t\t\t\t\t\t\t<label for=\"form-field-field_626b8a8\" class=\"elementor-field-label\">\n\t\t\t\t\t\t\t\tNamo ir buto numeris\t\t\t\t\t\t\t<\/label>\n\t\t\t\t\t\t\t\t\t\t\t\t\t\t<input size=\"1\" type=\"text\" name=\"form_fields[field_626b8a8]\" id=\"form-field-field_626b8a8\" class=\"elementor-field elementor-size-sm  elementor-field-textual\" placeholder=\"\u012eveskite\">\n\t\t\t\t\t\t\t\t\t\t\t<\/div>\n\t\t\t\t\t\t\t\t<div class=\"elementor-field-type-text elementor-field-group elementor-column elementor-field-group-field_7984267 elementor-col-100\">\n\t\t\t\t\t\t\t\t\t\t\t\t<label for=\"form-field-field_7984267\" class=\"elementor-field-label\">\n\t\t\t\t\t\t\t\tPa\u0161to kodas\t\t\t\t\t\t\t<\/label>\n\t\t\t\t\t\t\t\t\t\t\t\t\t\t<input size=\"1\" type=\"text\" name=\"form_fields[field_7984267]\" id=\"form-field-field_7984267\" class=\"elementor-field elementor-size-sm  elementor-field-textual\" placeholder=\"\u012eveskite\">\n\t\t\t\t\t\t\t\t\t\t\t<\/div>\n\t\t\t\t\t\t\t\t<div class=\"elementor-field-type-text elementor-field-group elementor-column elementor-field-group-field_cbf2c01 elementor-col-100 elementor-field-required elementor-mark-required\">\n\t\t\t\t\t\t\t\t\t\t\t\t<label for=\"form-field-field_cbf2c01\" class=\"elementor-field-label\">\n\t\t\t\t\t\t\t\tPaskutiniai 6 VIN simboliai\t\t\t\t\t\t\t<\/label>\n\t\t\t\t\t\t\t\t\t\t\t\t\t\t<input size=\"1\" type=\"text\" name=\"form_fields[field_cbf2c01]\" id=\"form-field-field_cbf2c01\" class=\"elementor-field elementor-size-sm  elementor-field-textual\" placeholder=\"\u012eveskite\" required=\"required\" aria-required=\"true\">\n\t\t\t\t\t\t\t\t\t\t\t<\/div>\n\t\t\t\t\t\t\t\t<div class=\"elementor-field-type-text elementor-field-group elementor-column elementor-field-group-field_9005515 elementor-col-100 elementor-field-required elementor-mark-required\">\n\t\t\t\t\t\t\t\t\t\t\t\t<label for=\"form-field-field_9005515\" class=\"elementor-field-label\">\n\t\t\t\t\t\t\t\tReikalingos dalys\t\t\t\t\t\t\t<\/label>\n\t\t\t\t\t\t\t\t\t\t\t\t\t\t<input size=\"1\" type=\"text\" name=\"form_fields[field_9005515]\" id=\"form-field-field_9005515\" class=\"elementor-field elementor-size-sm  elementor-field-textual\" placeholder=\"Dali\u0173 kodai ar pilni pavadinimai\" required=\"required\" aria-required=\"true\">\n\t\t\t\t\t\t\t\t\t\t\t<\/div>\n\t\t\t\t\t\t\t\t<div class=\"elementor-field-group elementor-column elementor-field-type-submit elementor-col-100 e-form__buttons\">\n\t\t\t\t\t<button type=\"submit\" class=\"elementor-button elementor-size-sm\">\n\t\t\t\t\t\t<span >\n\t\t\t\t\t\t\t\t\t\t\t\t\t\t\t<span class=\"elementor-button-icon\">\n\t\t\t\t\t\t\t\t\t\t\t\t\t\t\t\t\t\t\t\t\t\t\t\t\t\t<\/span>\n\t\t\t\t\t\t\t\t\t\t\t\t\t\t\t\t\t\t\t\t\t\t<span class=\"elementor-button-text\">Si\u0173sti<\/span>\n\t\t\t\t\t\t\t\t\t\t\t\t\t<\/span>\n\t\t\t\t\t<\/button>\n\t\t\t\t<\/div>\n\t\t\t<\/div>\n\t\t<input type=\"hidden\" name=\"trp-form-language\" value=\"en\"\/><\/form>\n\t\t\t\t\t\t<\/div>\n\t\t\t\t<\/div>\n\t\t\t\t<\/div>\n\t\t\t\t\t<\/div>\n\t\t\t\t<\/div>\n\t\t\t\t\t<\/div>\n\t\t<\/div>\n\t\t\t\t<div class=\"elementor-column elementor-col-50 elementor-top-column elementor-element elementor-element-3fde8e9 elementor-hidden-tablet elementor-hidden-mobile\" data-id=\"3fde8e9\" data-element_type=\"column\">\n\t\t\t<div class=\"elementor-widget-wrap elementor-element-populated\">\n\t\t\t\t\t\t<div class=\"elementor-element elementor-element-68cf29c elementor-widget elementor-widget-image\" data-id=\"68cf29c\" data-element_type=\"widget\" data-widget_type=\"image.default\">\n\t\t\t\t<div class=\"elementor-widget-container\">\n\t\t\t\t\t\t\t\t\t\t\t\t\t\t\t<img decoding=\"async\" width=\"167\" height=\"167\" src=\"https:\/\/triumphmoto.lt\/wp-content\/uploads\/2024\/03\/dots.webp\" class=\"attachment-large size-large wp-image-7378\" alt=\"\" srcset=\"https:\/\/triumphmoto.lt\/wp-content\/uploads\/2024\/03\/dots-12x12.webp 12w, https:\/\/triumphmoto.lt\/wp-content\/uploads\/2024\/03\/dots-66x66.webp 66w, https:\/\/triumphmoto.lt\/wp-content\/uploads\/2024\/03\/dots-150x150.webp 150w, https:\/\/triumphmoto.lt\/wp-content\/uploads\/2024\/03\/dots.webp 167w\" sizes=\"(max-width: 167px) 100vw, 167px\" \/>\t\t\t\t\t\t\t\t\t\t\t\t\t\t\t<\/div>\n\t\t\t\t<\/div>\n\t\t\t\t<div class=\"elementor-element elementor-element-5071963 elementor-widget elementor-widget-image\" data-id=\"5071963\" data-element_type=\"widget\" data-widget_type=\"image.default\">\n\t\t\t\t<div class=\"elementor-widget-container\">\n\t\t\t\t\t\t\t\t\t\t\t\t\t\t\t<img decoding=\"async\" width=\"1024\" height=\"1024\" src=\"https:\/\/triumphmoto.lt\/wp-content\/uploads\/2025\/01\/A9618186-Styling-Engine-Cover-Kit-Brushed-V1-1024x1024.jpg\" class=\"attachment-large size-large wp-image-8787\" alt=\"\" srcset=\"https:\/\/triumphmoto.lt\/wp-content\/uploads\/2025\/01\/A9618186-Styling-Engine-Cover-Kit-Brushed-V1-12x12.jpg 12w, https:\/\/triumphmoto.lt\/wp-content\/uploads\/2025\/01\/A9618186-Styling-Engine-Cover-Kit-Brushed-V1-66x66.jpg 66w, https:\/\/triumphmoto.lt\/wp-content\/uploads\/2025\/01\/A9618186-Styling-Engine-Cover-Kit-Brushed-V1-150x150.jpg 150w, https:\/\/triumphmoto.lt\/wp-content\/uploads\/2025\/01\/A9618186-Styling-Engine-Cover-Kit-Brushed-V1-170x170.jpg 170w, https:\/\/triumphmoto.lt\/wp-content\/uploads\/2025\/01\/A9618186-Styling-Engine-Cover-Kit-Brushed-V1-200x200.jpg 200w, https:\/\/triumphmoto.lt\/wp-content\/uploads\/2025\/01\/A9618186-Styling-Engine-Cover-Kit-Brushed-V1-300x300.jpg 300w, https:\/\/triumphmoto.lt\/wp-content\/uploads\/2025\/01\/A9618186-Styling-Engine-Cover-Kit-Brushed-V1-400x400.jpg 400w, https:\/\/triumphmoto.lt\/wp-content\/uploads\/2025\/01\/A9618186-Styling-Engine-Cover-Kit-Brushed-V1-500x500.jpg 500w, https:\/\/triumphmoto.lt\/wp-content\/uploads\/2025\/01\/A9618186-Styling-Engine-Cover-Kit-Brushed-V1-600x600.jpg 600w, https:\/\/triumphmoto.lt\/wp-content\/uploads\/2025\/01\/A9618186-Styling-Engine-Cover-Kit-Brushed-V1-700x700.jpg 700w, https:\/\/triumphmoto.lt\/wp-content\/uploads\/2025\/01\/A9618186-Styling-Engine-Cover-Kit-Brushed-V1-768x768.jpg 768w, https:\/\/triumphmoto.lt\/wp-content\/uploads\/2025\/01\/A9618186-Styling-Engine-Cover-Kit-Brushed-V1-800x800.jpg 800w, https:\/\/triumphmoto.lt\/wp-content\/uploads\/2025\/01\/A9618186-Styling-Engine-Cover-Kit-Brushed-V1-1024x1024.jpg 1024w, https:\/\/triumphmoto.lt\/wp-content\/uploads\/2025\/01\/A9618186-Styling-Engine-Cover-Kit-Brushed-V1-1200x1200.jpg 1200w, https:\/\/triumphmoto.lt\/wp-content\/uploads\/2025\/01\/A9618186-Styling-Engine-Cover-Kit-Brushed-V1-1536x1536.jpg 1536w\" sizes=\"(max-width: 1024px) 100vw, 1024px\" \/>\t\t\t\t\t\t\t\t\t\t\t\t\t\t\t<\/div>\n\t\t\t\t<\/div>\n\t\t\t\t<div class=\"elementor-element elementor-element-4fe9b6f elementor-widget elementor-widget-image\" data-id=\"4fe9b6f\" data-element_type=\"widget\" data-widget_type=\"image.default\">\n\t\t\t\t<div class=\"elementor-widget-container\">\n\t\t\t\t\t\t\t\t\t\t\t\t\t\t\t<img decoding=\"async\" width=\"1024\" height=\"1024\" src=\"https:\/\/triumphmoto.lt\/wp-content\/uploads\/2025\/01\/A9618132-Protection-Engine-Cover-Protectors-V1-1024x1024.jpg\" class=\"attachment-large size-large wp-image-8788\" alt=\"\" srcset=\"https:\/\/triumphmoto.lt\/wp-content\/uploads\/2025\/01\/A9618132-Protection-Engine-Cover-Protectors-V1-12x12.jpg 12w, https:\/\/triumphmoto.lt\/wp-content\/uploads\/2025\/01\/A9618132-Protection-Engine-Cover-Protectors-V1-66x66.jpg 66w, https:\/\/triumphmoto.lt\/wp-content\/uploads\/2025\/01\/A9618132-Protection-Engine-Cover-Protectors-V1-150x150.jpg 150w, https:\/\/triumphmoto.lt\/wp-content\/uploads\/2025\/01\/A9618132-Protection-Engine-Cover-Protectors-V1-170x170.jpg 170w, https:\/\/triumphmoto.lt\/wp-content\/uploads\/2025\/01\/A9618132-Protection-Engine-Cover-Protectors-V1-200x200.jpg 200w, https:\/\/triumphmoto.lt\/wp-content\/uploads\/2025\/01\/A9618132-Protection-Engine-Cover-Protectors-V1-300x300.jpg 300w, https:\/\/triumphmoto.lt\/wp-content\/uploads\/2025\/01\/A9618132-Protection-Engine-Cover-Protectors-V1-400x400.jpg 400w, https:\/\/triumphmoto.lt\/wp-content\/uploads\/2025\/01\/A9618132-Protection-Engine-Cover-Protectors-V1-500x500.jpg 500w, https:\/\/triumphmoto.lt\/wp-content\/uploads\/2025\/01\/A9618132-Protection-Engine-Cover-Protectors-V1-600x600.jpg 600w, https:\/\/triumphmoto.lt\/wp-content\/uploads\/2025\/01\/A9618132-Protection-Engine-Cover-Protectors-V1-700x700.jpg 700w, https:\/\/triumphmoto.lt\/wp-content\/uploads\/2025\/01\/A9618132-Protection-Engine-Cover-Protectors-V1-768x768.jpg 768w, https:\/\/triumphmoto.lt\/wp-content\/uploads\/2025\/01\/A9618132-Protection-Engine-Cover-Protectors-V1-800x800.jpg 800w, https:\/\/triumphmoto.lt\/wp-content\/uploads\/2025\/01\/A9618132-Protection-Engine-Cover-Protectors-V1-1024x1024.jpg 1024w, https:\/\/triumphmoto.lt\/wp-content\/uploads\/2025\/01\/A9618132-Protection-Engine-Cover-Protectors-V1-1200x1200.jpg 1200w, https:\/\/triumphmoto.lt\/wp-content\/uploads\/2025\/01\/A9618132-Protection-Engine-Cover-Protectors-V1-1536x1536.jpg 1536w\" sizes=\"(max-width: 1024px) 100vw, 1024px\" \/>\t\t\t\t\t\t\t\t\t\t\t\t\t\t\t<\/div>\n\t\t\t\t<\/div>\n\t\t\t\t\t<\/div>\n\t\t<\/div>\n\t\t\t\t\t<\/div>\n\t\t<\/section>\n\t\t\t\t<\/div>","protected":false},"excerpt":{"rendered":"<p>DALI\u0172 U\u017dSAKYMO PATEIKIMAS Norint \u201eTriumph Vilnius\u201c pateikti u\u017esakym\u0105 detal\u0117ms, u\u017epildykite  [&#8230;]<\/p>","protected":false},"author":3,"featured_media":0,"parent":0,"menu_order":0,"comment_status":"closed","ping_status":"closed","template":"","meta":{"_acf_changed":false,"footnotes":""},"class_list":["post-5624","page","type-page","status-publish","hentry"],"acf":[],"_links":{"self":[{"href":"https:\/\/triumphmoto.lt\/en\/wp-json\/wp\/v2\/pages\/5624","targetHints":{"allow":["GET"]}}],"collection":[{"href":"https:\/\/triumphmoto.lt\/en\/wp-json\/wp\/v2\/pages"}],"about":[{"href":"https:\/\/triumphmoto.lt\/en\/wp-json\/wp\/v2\/types\/page"}],"author":[{"embeddable":true,"href":"https:\/\/triumphmoto.lt\/en\/wp-json\/wp\/v2\/users\/3"}],"replies":[{"embeddable":true,"href":"https:\/\/triumphmoto.lt\/en\/wp-json\/wp\/v2\/comments?post=5624"}],"version-history":[{"count":700,"href":"https:\/\/triumphmoto.lt\/en\/wp-json\/wp\/v2\/pages\/5624\/revisions"}],"predecessor-version":[{"id":9159,"href":"https:\/\/triumphmoto.lt\/en\/wp-json\/wp\/v2\/pages\/5624\/revisions\/9159"}],"wp:attachment":[{"href":"https:\/\/triumphmoto.lt\/en\/wp-json\/wp\/v2\/media?parent=5624"}],"curies":[{"name":"wp","href":"https:\/\/api.w.org\/{rel}","templated":true}]}}