{"id":4611,"date":"2022-03-09T16:35:25","date_gmt":"2022-03-09T14:35:25","guid":{"rendered":"https:\/\/triumphmoto.lt\/?page_id=4611"},"modified":"2022-03-09T16:38:12","modified_gmt":"2022-03-09T14:38:12","slug":"garantija","status":"publish","type":"page","link":"https:\/\/triumphmoto.lt\/en\/garantija\/","title":{"rendered":"GARANTIJA"},"content":{"rendered":"<div class=\"fusion-fullwidth fullwidth-box fusion-builder-row-1 fusion-flex-container nonhundred-percent-fullwidth non-hundred-percent-height-scrolling\" style=\"--awb-border-radius-top-left:0px;--awb-border-radius-top-right:0px;--awb-border-radius-bottom-right:0px;--awb-border-radius-bottom-left:0px;--awb-padding-top:36px;--awb-padding-bottom:18px;--awb-background-color:#ffffff;--awb-flex-wrap:wrap;\" ><div class=\"fusion-builder-row fusion-row fusion-flex-align-items-flex-start fusion-flex-content-wrap\" style=\"max-width:1664px;margin-left: calc(-4% \/ 2 );margin-right: calc(-4% \/ 2 );\"><div class=\"fusion-layout-column fusion_builder_column fusion-builder-column-0 fusion_builder_column_1_1 1_1 fusion-flex-column\" style=\"--awb-bg-size:cover;--awb-width-large:100%;--awb-margin-top-large:0px;--awb-spacing-right-large:1.92%;--awb-margin-bottom-large:20px;--awb-spacing-left-large:1.92%;--awb-width-medium:100%;--awb-order-medium:0;--awb-spacing-right-medium:1.92%;--awb-spacing-left-medium:1.92%;--awb-width-small:100%;--awb-order-small:0;--awb-spacing-right-small:1.92%;--awb-spacing-left-small:1.92%;\"><div class=\"fusion-column-wrapper fusion-column-has-shadow fusion-flex-justify-content-flex-start fusion-content-layout-column\"><div class=\"fusion-text fusion-text-1\" style=\"--awb-font-size:22px;--awb-text-font-family:&quot;Din2014 Demi bold&quot;;--awb-text-font-style:normal;--awb-text-font-weight:400;\"><p>GARANTIJA<\/p>\n<\/div><div class=\"fusion-separator fusion-full-width-sep\" style=\"align-self: center;margin-left: auto;margin-right: auto;width:100%;\"><div class=\"fusion-separator-border sep-single sep-solid\" style=\"--awb-height:20px;--awb-amount:20px;--awb-sep-color:#cd192d;border-color:#cd192d;border-top-width:2px;\"><\/div><\/div><div class=\"fusion-text fusion-text-2\" style=\"--awb-font-size:16px;\"><p><strong> <\/strong><\/p>\n<p><strong>Terminai ir s\u0105lygos<\/strong><\/p>\n<p>Maksimali motociklo apsauga garantijos laikotarpiu gali b\u016bti i\u0161laikyta tik pagal planin\u0117s prie\u017ei\u016bros rekomendacijas pateiktas savininko vadove. Atlikus aptarnavim\u0105, atitinkam\u0105 technin\u0117s prie\u017ei\u016bros \u012fra\u0161\u0105 antspauduoja \u012fgaliotasis Triumph atstovas, tod\u0117l kiekvien\u0105 kart\u0105, kai atliekate technin\u0117s prie\u017ei\u016bros, remonto ar garantinius darbus Triumph atstovui turi b\u016bti pateiktas motociklo technin\u0117s prie\u017ei\u016bros vadovas \u2013 serviso knygel\u0117.<\/p>\n<p>Visiems naujiems Triumph motociklams, registruotiems 01.12.92 arba v\u0117liau, taikoma 24 m\u0117nesi\u0173 neribotos ridos garantija, kuri skai\u010diuojama nuo pirmosios registracijos datos arba nuo pardavimo \u2013 perdavimo akto datos, jei motociklas lieka neregistruotas.<\/p>\n<p>Garantiniu laikotarpiu TRIUMPH MOTORCYCLES garantuoja, kad naujajam Triumph motociklui jo gamybos metu n\u0117ra joki\u0173 gamyboje naudot\u0173 med\u017eiag\u0173 ir (arba) gamybos defekt\u0173.<\/p>\n<p>Motociklas Triumph &#8211; patikrintos in\u017einerijos, i\u0161sami\u0173 bandym\u0173 ir nuolatinio didelio patikimumo, saugumo ir na\u0161umo siekio rezultatas.<\/p>\n<p>Bet kuri\u0105 dal\u012f, kuri per \u0161\u012f laikotarp\u012f bus nustatyta kaip sugedusi &#8211; Triumph Motorcycles Ltd. nuo\u017ei\u016bra taisys arba pakeis \u012fgaliotasis Triumph atstovas.<\/p>\n<p>Bet kuriai pagal garantij\u0105 pakeistai daliai garantija bus taikoma likus\u012f laikotarp\u012f.<\/p>\n<p>Triumph savo nuo\u017ei\u016bra gali atlikti bet kok\u012f remont\u0105 arba pakeisti sugedusias dalis, kurioms netaikoma garantija, ta\u010diau toks darbas nelaikomas jokiu atsakomyb\u0117s prisi\u0117mimu.<\/p>\n<p><strong>Garantijos terminai ir i\u0161imtys<\/strong><\/p>\n<ul>\n<li>Motociklas negali b\u016bti naudojamas var\u017eyboms arba netinkamai naudojamas* (netinkamai pri\u017ei\u016brimas)<\/li>\n<li>Motociklas neturi b\u016bti modifikuotas, taisytas ar pakeistas kitaip, nei tai leido Triumph Motorcycles Ltd..<\/li>\n<li>Motociklas turi b\u016bti pri\u017ei\u016brima \u012fgaliotojo Triumph atstovo, Triumph savininko vadove nurodytais intervalais ir atitinkamai u\u017epildytas technin\u0117s prie\u017ei\u016bros \u017eurnale.<\/li>\n<li>\u0160i garantija netaikoma defektams, atsiradusiems d\u0117l netinkamo reguliavimo arba remonto ir pakeitim\u0173, kuriuos atliko ne \u012fgaliotasis Triumph atstovas.<\/li>\n<li>\u0160i garantija netaikoma defektams, atsiradusiems d\u0117l dali\u0173 ir pried\u0173, kuri\u0173 neleido Triumph Motorcycles Ltd., naudojimo.<\/li>\n<li>Garantija neapima dali\u0173 ir pried\u0173 i\u0161\u0117mimo ir pakeitimo i\u0161laid\u0173, nebent jie tiekiami kaip originali \u012franga arba rekomenduojami Triumph Motorcycles Ltd..<\/li>\n<li>Garantija neapima motociklo transportavimo \u012f \u012fgaliot\u0105j\u012f Triumph atstov\u0105 arba i\u0161 jo i\u0161laid\u0173.<\/li>\n<li>\u0160i garantija netaikoma \u012fprastos prie\u017ei\u016bros ir \u012fprastiems prie\u017ei\u016bros elementams, tokiems kaip u\u017edegimo \u017evak\u0117s, alyvos ir oro filtrai. Taip pat ne\u012ftraukiami daiktai, kurie, kaip tikimasi, susid\u0117v\u0117s kaip \u012fprasta, pavyzd\u017eiui, padangos, lemput\u0117s, grandin\u0117s, stabd\u017ei\u0173 trinkel\u0117s ir sankabos plok\u0161t\u0117s, nebent yra gamybos defektas.<\/li>\n<li>Priekini\u0173 \u0161aki\u0173 sandarikliams garantija netaikoma, nes jie gali susid\u0117v\u0117ti <span style=\"color: var(--body_typography-color); font-style: var(--body_typography-font-style,normal); font-weight: var(--body_typography-font-weight); letter-spacing: var(--body_typography-letter-spacing);\">(ypa\u010d d\u0117l vidini\u0173 \u0161aki\u0173 vamzd\u017ei\u0173 pa\u017eeidimo akmenimis).<\/span><\/li>\n<li>Motociklo i\u0161metimo duslintuvams suteikiama 12 m\u0117nesi\u0173 garantija nuo bendrosios motociklo garantijos prad\u017eios. Per \u0161\u012f 12 m\u0117nesi\u0173 garantijos laikotarp\u012f garantija netaikoma vidinei korozijai arba vidini\u0173 pertvar\u0173 deformacijai. Pra\u0117jus \u0161iam 12 m\u0117nesi\u0173 laikotarpiui, motocikl\u0173 duslintuvams \u0161i garantija netaikoma.<\/li>\n<li>Kiti elementai kuriems garantija netaikoma yra &#8211; s\u0117dyn\u0117s, baga\u017eas, da\u017eai, chromas, poliruoto aliuminio gaminiai arba apdailos pablog\u0117jimas d\u0117l \u012fprasto nusid\u0117v\u0117jimo, poveikio arba tinkamos prie\u017ei\u016bros nebuvimo.<\/li>\n<li>Motociklo akumuliatoriui suteikiama 12 m\u0117nesi\u0173 garantija nuo pradin\u0117s motociklo \u012fsigijimo datos. Pra\u0117jus \u0161iam 12 m\u0117nesi\u0173 laikotarpiui, akumuliatoriui \u0161ios garantijos s\u0105lygos nebetaikomos.<\/li>\n<li>Garantija netaikoma motociklams, naudojamiemms komerciniais tikslais.<\/li>\n<li>Garantija netaikoma defektams, apie kuriuos nebuvo prane\u0161ta \u012fgaliotajam pardav\u0117jui per de\u0161imt dien\u0173 nuo defekto aptikimo.<\/li>\n<li>Garantija netaikoma motociklams, kuriuose buvo naudojami netinkami degalai ar tepalas.<\/li>\n<li>Jei prireikt\u0173 pretenzijos d\u0117l garantijos, Triumph Motorcycles ir jos \u012fgaliotieji pardav\u0117jai n\u0117ra atsakingi u\u017e naudojimo praradim\u0105, nepatogumus, prarast\u0105 laik\u0105, komercinius nuostolius ar kitus atsitiktinius ar pasekminius nuostolius.<\/li>\n<\/ul>\n<\/div><\/div><\/div><\/div><\/div>","protected":false},"excerpt":{"rendered":"","protected":false},"author":3,"featured_media":0,"parent":0,"menu_order":0,"comment_status":"closed","ping_status":"closed","template":"100-width.php","meta":{"_acf_changed":false,"footnotes":""},"class_list":["post-4611","page","type-page","status-publish","hentry"],"acf":[],"_links":{"self":[{"href":"https:\/\/triumphmoto.lt\/en\/wp-json\/wp\/v2\/pages\/4611","targetHints":{"allow":["GET"]}}],"collection":[{"href":"https:\/\/triumphmoto.lt\/en\/wp-json\/wp\/v2\/pages"}],"about":[{"href":"https:\/\/triumphmoto.lt\/en\/wp-json\/wp\/v2\/types\/page"}],"author":[{"embeddable":true,"href":"https:\/\/triumphmoto.lt\/en\/wp-json\/wp\/v2\/users\/3"}],"replies":[{"embeddable":true,"href":"https:\/\/triumphmoto.lt\/en\/wp-json\/wp\/v2\/comments?post=4611"}],"version-history":[{"count":6,"href":"https:\/\/triumphmoto.lt\/en\/wp-json\/wp\/v2\/pages\/4611\/revisions"}],"predecessor-version":[{"id":4617,"href":"https:\/\/triumphmoto.lt\/en\/wp-json\/wp\/v2\/pages\/4611\/revisions\/4617"}],"wp:attachment":[{"href":"https:\/\/triumphmoto.lt\/en\/wp-json\/wp\/v2\/media?parent=4611"}],"curies":[{"name":"wp","href":"https:\/\/api.w.org\/{rel}","templated":true}]}}